{"id":586,"date":"2023-06-08T17:10:31","date_gmt":"2023-06-08T15:10:31","guid":{"rendered":"https:\/\/www.fmnotai.it\/?page_id=586"},"modified":"2024-11-06T15:44:23","modified_gmt":"2024-11-06T14:44:23","slug":"demetrio-maltese","status":"publish","type":"page","link":"https:\/\/www.fmnotai.it\/en\/notaries\/demetrio-maltese\/","title":{"rendered":"Demetrio Maltese"},"content":{"rendered":"<p><\/p>\n<p style=\"font-weight: 400;\">A former student of <strong>Almo Collegio Borromeo<\/strong> in Pavia until 2008, Demetrio Maltese graduated with honors in Law in 2011 from the <strong>&#8220;Mediterranea&#8221; University of Reggio Calabria<\/strong>, with a thesis on &#8220;Corporate Social Responsibility and Corporations.&#8221;<\/p>\n<p style=\"font-weight: 400;\">He earned an LLM (Master of Laws) from the<strong> University of Cambridge<\/strong> and a <strong>PhD in Corporate Law<\/strong> from <strong>Bocconi University<\/strong> in Milan, with a thesis on &#8220;Shareholder Conflicts of Interest in Shareholders&#8217; Meetings of Joint Stock Companies,&#8221; supervised by Professor Mario Notari. During his doctoral studies, he was a <em><strong>Fulbright<\/strong><\/em> scholar at <em><strong>Harvard Law School<\/strong><\/em> (where he was also a Fellow in the Program on Corporate Governance) and a research fellow several times at the <em><strong>Max Planck Institute<\/strong><\/em> in Hamburg.<\/p>\n<p style=\"font-weight: 400;\">He has been a research fellow and, since 2019, a contract professor of Commercial Law at Bocconi University in Milan, teaching in the Law program, and since 2021 at the University of Brescia, teaching in the Business Administration program.<\/p>\n<p style=\"font-weight: 400;\">Admitted to the bar from 2016 to 2021, he has been a notary in the Milan District since 2022, first practicing in Nerviano and, from 2024, in Milan.<\/p>\n<p style=\"font-weight: 400;\">Demetrio is the author of several publications on corporate law and financial markets.<\/p>\n<p style=\"font-weight: 400;\">He serves on the editorial boards of <em>The Italian Law Journal<\/em> (ESI) and <em>Rivista delle Societ\u00e0<\/em> (Giuffr\u00e9).<\/p>\n<p style=\"font-weight: 400;\">He is also a member of the Brescia Observatory on Commercial Jurisprudence since 2019 and of the <strong>Scientific Committee<\/strong> of the &#8220;Corporate Law Commission&#8221; of the Milan Notarial Council since 2022.<\/p>\n<p style=\"font-weight: 400;\"><span style=\"font-weight: 400;\">After collaborating from 2020 to 2024 with the Giamalex &#8211; Notary Associates firm, Demetrio is now a founding partner of <strong>FM Notai<\/strong>.<\/span><\/p>\n<p><\/p>","protected":false},"excerpt":{"rendered":"<p>&#8230;<br \/>\n\t\t<span class=\"read-more\"><a href=\"https:\/\/www.fmnotai.it\/en\/notaries\/demetrio-maltese\/\"> Read more &raquo;<\/a><\/span><\/p>\n","protected":false},"author":1,"featured_media":0,"parent":15,"menu_order":3,"comment_status":"closed","ping_status":"closed","template":"templates\/notaries-child.php","meta":{"_acf_changed":false,"footnotes":""},"class_list":["post-586","page","type-page","status-publish","hentry"],"acf":[],"yoast_head":"<!-- This site is optimized with the Yoast SEO plugin v26.6 - https:\/\/yoast.com\/wordpress\/plugins\/seo\/ -->\n<title>Demetrio Maltese | FM Notai<\/title>\n<meta name=\"description\" content=\"Alunno dell\u2019Almo Collegio Borromeo di Pavia fino al 2008, nel 2011 si laurea con lode in Giurisprudenza nell\u2019Universit\u00e0 \u201cMediterranea\u201d di Reggio Calabria Demetrio Maltese, notaio a Milano e socio fondatore di FM Notai, vanta un percorso accademico e professionale d&#039;eccellenza. Laureato con lode in Giurisprudenza, con un LLM all&#039;Universit\u00e0 di Cambridge e un dottorato in Diritto Societario alla Bocconi, Demetrio \u00e8 esperto di diritto delle societ\u00e0 e dei mercati finanziari. Scopri di pi\u00f9 sulle sue pubblicazioni e sulla sua carriera notarile.\" \/>\n<meta name=\"robots\" content=\"index, follow, max-snippet:-1, max-image-preview:large, max-video-preview:-1\" \/>\n<link rel=\"canonical\" href=\"https:\/\/www.fmnotai.it\/en\/notai\/demetrio-maltese\/\" \/>\n<meta property=\"og:locale\" content=\"en_US\" \/>\n<meta property=\"og:type\" content=\"article\" \/>\n<meta property=\"og:title\" content=\"Demetrio Maltese | FM Notai\" \/>\n<meta property=\"og:description\" content=\"Alunno dell\u2019Almo Collegio Borromeo di Pavia fino al 2008, nel 2011 si laurea con lode in Giurisprudenza nell\u2019Universit\u00e0 \u201cMediterranea\u201d di Reggio Calabria Demetrio Maltese, notaio a Milano e socio fondatore di FM Notai, vanta un percorso accademico e professionale d&#039;eccellenza. Laureato con lode in Giurisprudenza, con un LLM all&#039;Universit\u00e0 di Cambridge e un dottorato in Diritto Societario alla Bocconi, Demetrio \u00e8 esperto di diritto delle societ\u00e0 e dei mercati finanziari. Scopri di pi\u00f9 sulle sue pubblicazioni e sulla sua carriera notarile.\" \/>\n<meta property=\"og:url\" content=\"https:\/\/www.fmnotai.it\/en\/notai\/demetrio-maltese\/\" \/>\n<meta property=\"og:site_name\" content=\"FM Notai\" \/>\n<meta property=\"article:modified_time\" content=\"2024-11-06T14:44:23+00:00\" \/>\n<meta name=\"twitter:card\" content=\"summary_large_image\" \/>\n<meta name=\"twitter:label1\" content=\"Est. reading time\" \/>\n\t<meta name=\"twitter:data1\" content=\"2 minutes\" \/>\n<script type=\"application\/ld+json\" class=\"yoast-schema-graph\">{\"@context\":\"https:\/\/schema.org\",\"@graph\":[{\"@type\":\"WebPage\",\"@id\":\"https:\/\/www.fmnotai.it\/en\/notai\/demetrio-maltese\/\",\"url\":\"https:\/\/www.fmnotai.it\/en\/notai\/demetrio-maltese\/\",\"name\":\"Demetrio Maltese | FM Notai\",\"isPartOf\":{\"@id\":\"https:\/\/www.fmnotai.it\/en\/#website\"},\"datePublished\":\"2023-06-08T15:10:31+00:00\",\"dateModified\":\"2024-11-06T14:44:23+00:00\",\"description\":\"Alunno dell\u2019Almo Collegio Borromeo di Pavia fino al 2008, nel 2011 si laurea con lode in Giurisprudenza nell\u2019Universit\u00e0 \u201cMediterranea\u201d di Reggio Calabria Demetrio Maltese, notaio a Milano e socio fondatore di FM Notai, vanta un percorso accademico e professionale d'eccellenza. Laureato con lode in Giurisprudenza, con un LLM all'Universit\u00e0 di Cambridge e un dottorato in Diritto Societario alla Bocconi, Demetrio \u00e8 esperto di diritto delle societ\u00e0 e dei mercati finanziari. Scopri di pi\u00f9 sulle sue pubblicazioni e sulla sua carriera notarile.\",\"breadcrumb\":{\"@id\":\"https:\/\/www.fmnotai.it\/en\/notai\/demetrio-maltese\/#breadcrumb\"},\"inLanguage\":\"en-US\",\"potentialAction\":[{\"@type\":\"ReadAction\",\"target\":[[\"https:\/\/www.fmnotai.it\/en\/notai\/demetrio-maltese\/\"]]}]},{\"@type\":\"BreadcrumbList\",\"@id\":\"https:\/\/www.fmnotai.it\/en\/notai\/demetrio-maltese\/#breadcrumb\",\"itemListElement\":[{\"@type\":\"ListItem\",\"position\":1,\"name\":\"Notai\",\"item\":\"https:\/\/www.fmnotai.it\/en\/notai\/\"},{\"@type\":\"ListItem\",\"position\":2,\"name\":\"Demetrio Maltese\"}]},{\"@type\":\"WebSite\",\"@id\":\"https:\/\/www.fmnotai.it\/en\/#website\",\"url\":\"https:\/\/www.fmnotai.it\/en\/\",\"name\":\"FM Notai\",\"description\":\"\",\"potentialAction\":[{\"@type\":\"SearchAction\",\"target\":{\"@type\":\"EntryPoint\",\"urlTemplate\":\"https:\/\/www.fmnotai.it\/en\/?s={search_term_string}\"},\"query-input\":{\"@type\":\"PropertyValueSpecification\",\"valueRequired\":true,\"valueName\":\"search_term_string\"}}],\"inLanguage\":\"en-US\"}]}<\/script>\n<!-- \/ Yoast SEO plugin. -->","yoast_head_json":{"title":"Demetrio Maltese | FM Notai","description":"Alunno dell\u2019Almo Collegio Borromeo di Pavia fino al 2008, nel 2011 si laurea con lode in Giurisprudenza nell\u2019Universit\u00e0 \u201cMediterranea\u201d di Reggio Calabria Demetrio Maltese, notaio a Milano e socio fondatore di FM Notai, vanta un percorso accademico e professionale d'eccellenza. Laureato con lode in Giurisprudenza, con un LLM all'Universit\u00e0 di Cambridge e un dottorato in Diritto Societario alla Bocconi, Demetrio \u00e8 esperto di diritto delle societ\u00e0 e dei mercati finanziari. Scopri di pi\u00f9 sulle sue pubblicazioni e sulla sua carriera notarile.","robots":{"index":"index","follow":"follow","max-snippet":"max-snippet:-1","max-image-preview":"max-image-preview:large","max-video-preview":"max-video-preview:-1"},"canonical":"https:\/\/www.fmnotai.it\/en\/notai\/demetrio-maltese\/","og_locale":"en_US","og_type":"article","og_title":"Demetrio Maltese | FM Notai","og_description":"Alunno dell\u2019Almo Collegio Borromeo di Pavia fino al 2008, nel 2011 si laurea con lode in Giurisprudenza nell\u2019Universit\u00e0 \u201cMediterranea\u201d di Reggio Calabria Demetrio Maltese, notaio a Milano e socio fondatore di FM Notai, vanta un percorso accademico e professionale d'eccellenza. Laureato con lode in Giurisprudenza, con un LLM all'Universit\u00e0 di Cambridge e un dottorato in Diritto Societario alla Bocconi, Demetrio \u00e8 esperto di diritto delle societ\u00e0 e dei mercati finanziari. Scopri di pi\u00f9 sulle sue pubblicazioni e sulla sua carriera notarile.","og_url":"https:\/\/www.fmnotai.it\/en\/notai\/demetrio-maltese\/","og_site_name":"FM Notai","article_modified_time":"2024-11-06T14:44:23+00:00","twitter_card":"summary_large_image","twitter_misc":{"Est. reading time":"2 minutes"},"schema":{"@context":"https:\/\/schema.org","@graph":[{"@type":"WebPage","@id":"https:\/\/www.fmnotai.it\/en\/notai\/demetrio-maltese\/","url":"https:\/\/www.fmnotai.it\/en\/notai\/demetrio-maltese\/","name":"Demetrio Maltese | FM Notai","isPartOf":{"@id":"https:\/\/www.fmnotai.it\/en\/#website"},"datePublished":"2023-06-08T15:10:31+00:00","dateModified":"2024-11-06T14:44:23+00:00","description":"Alunno dell\u2019Almo Collegio Borromeo di Pavia fino al 2008, nel 2011 si laurea con lode in Giurisprudenza nell\u2019Universit\u00e0 \u201cMediterranea\u201d di Reggio Calabria Demetrio Maltese, notaio a Milano e socio fondatore di FM Notai, vanta un percorso accademico e professionale d'eccellenza. Laureato con lode in Giurisprudenza, con un LLM all'Universit\u00e0 di Cambridge e un dottorato in Diritto Societario alla Bocconi, Demetrio \u00e8 esperto di diritto delle societ\u00e0 e dei mercati finanziari. Scopri di pi\u00f9 sulle sue pubblicazioni e sulla sua carriera notarile.","breadcrumb":{"@id":"https:\/\/www.fmnotai.it\/en\/notai\/demetrio-maltese\/#breadcrumb"},"inLanguage":"en-US","potentialAction":[{"@type":"ReadAction","target":[["https:\/\/www.fmnotai.it\/en\/notai\/demetrio-maltese\/"]]}]},{"@type":"BreadcrumbList","@id":"https:\/\/www.fmnotai.it\/en\/notai\/demetrio-maltese\/#breadcrumb","itemListElement":[{"@type":"ListItem","position":1,"name":"Notai","item":"https:\/\/www.fmnotai.it\/en\/notai\/"},{"@type":"ListItem","position":2,"name":"Demetrio Maltese"}]},{"@type":"WebSite","@id":"https:\/\/www.fmnotai.it\/en\/#website","url":"https:\/\/www.fmnotai.it\/en\/","name":"FM Notai","description":"","potentialAction":[{"@type":"SearchAction","target":{"@type":"EntryPoint","urlTemplate":"https:\/\/www.fmnotai.it\/en\/?s={search_term_string}"},"query-input":{"@type":"PropertyValueSpecification","valueRequired":true,"valueName":"search_term_string"}}],"inLanguage":"en-US"}]}},"_links":{"self":[{"href":"https:\/\/www.fmnotai.it\/en\/wp-json\/wp\/v2\/pages\/586","targetHints":{"allow":["GET"]}}],"collection":[{"href":"https:\/\/www.fmnotai.it\/en\/wp-json\/wp\/v2\/pages"}],"about":[{"href":"https:\/\/www.fmnotai.it\/en\/wp-json\/wp\/v2\/types\/page"}],"author":[{"embeddable":true,"href":"https:\/\/www.fmnotai.it\/en\/wp-json\/wp\/v2\/users\/1"}],"replies":[{"embeddable":true,"href":"https:\/\/www.fmnotai.it\/en\/wp-json\/wp\/v2\/comments?post=586"}],"version-history":[{"count":16,"href":"https:\/\/www.fmnotai.it\/en\/wp-json\/wp\/v2\/pages\/586\/revisions"}],"predecessor-version":[{"id":801,"href":"https:\/\/www.fmnotai.it\/en\/wp-json\/wp\/v2\/pages\/586\/revisions\/801"}],"up":[{"embeddable":true,"href":"https:\/\/www.fmnotai.it\/en\/wp-json\/wp\/v2\/pages\/15"}],"wp:attachment":[{"href":"https:\/\/www.fmnotai.it\/en\/wp-json\/wp\/v2\/media?parent=586"}],"curies":[{"name":"wp","href":"https:\/\/api.w.org\/{rel}","templated":true}]}}